{"id":50,"date":"2013-10-06T11:08:28","date_gmt":"2013-10-06T11:08:28","guid":{"rendered":"http:\/\/www.yampouire.org\/?page_id=50"},"modified":"2023-11-18T15:40:12","modified_gmt":"2023-11-18T15:40:12","slug":"faites-un-don","status":"publish","type":"page","link":"https:\/\/www.yampouire.org\/fr\/faites-un-don\/","title":{"rendered":"Faites un don"},"content":{"rendered":"<p>Nous sommes tr\u00e8s heureux que les projets de Yam Pouir\u00e9 puissent \u00eatre \u00a0r\u00e9alis\u00e9s gr\u00e2ce \u00e0 votre don.<\/p>\n<p>Il existe plusieurs possibilit\u00e9s de soutien:<\/p>\n<ul>\n<li>don \u00e0 l\u2019association pour un projet de notre choix, selon les besoins les plus urgents;<\/li>\n<li>don pour un projet concret propos\u00e9 selon vos d\u00e9sirs;<\/li>\n<li>parrainage;<\/li>\n<li>collecte au profit de Yam Pouir\u00e9 lors d\u2019anniversaires, de jubil\u00e9s ou autres f\u00eates, au lieu de recevoir ou d\u2019offrir des cadeaux;<\/li>\n<li>legs par testament;<\/li>\n<li>engagement social de votre entreprise\u00a0manifest\u00e9 par un don \u00e0 Yam Pouir\u00e9.<\/li>\n<\/ul>\n<p>La totalit\u00e9 des dons re\u00e7us est affect\u00e9e aux projets de d\u00e9veloppement. Les voyages sur le terrain et les frais administratifs sont assum\u00e9s par le comit\u00e9. Seuls les frais bancaires sont \u00e0 la charge de notre caisse.<\/p>\n<p>D\u00e9ductible des imp\u00f4ts<\/p>\n<h2>Bulletin de versement \u00e0 t\u00e9l\u00e9charger<\/h2>\n<p><a href=\"http:\/\/www.yampouire.org\/wp-content\/uploads\/2023\/11\/einzahlungsschein.png\"><img loading=\"lazy\" decoding=\"async\" class=\"alignnone wp-image-1122 size-medium\" src=\"http:\/\/www.yampouire.org\/wp-content\/uploads\/2023\/11\/einzahlungsschein-300x164.png\" alt=\"\" width=\"300\" height=\"164\" srcset=\"https:\/\/www.yampouire.org\/wp-content\/uploads\/2023\/11\/einzahlungsschein-300x164.png 300w, https:\/\/www.yampouire.org\/wp-content\/uploads\/2023\/11\/einzahlungsschein-1024x559.png 1024w, https:\/\/www.yampouire.org\/wp-content\/uploads\/2023\/11\/einzahlungsschein-768x419.png 768w, https:\/\/www.yampouire.org\/wp-content\/uploads\/2023\/11\/einzahlungsschein.png 1216w\" sizes=\"(max-width: 300px) 100vw, 300px\" \/><\/a><\/p>\n<h2>Nos r\u00e9f\u00e9rences bancaires:<\/h2>\n<p>Bezirkssparkasse Uster<br \/>\nNr.BC 6888<br \/>\nPCK 30-38102-7<br \/>\nKto.Nr. 16 2.011.348.10<br \/>\nYam Pouir\u00e9<br \/>\n8602 Wangen<\/p>\n<p>Un grand merci!<\/p>\n","protected":false},"excerpt":{"rendered":"<p>Nous sommes tr\u00e8s heureux que les projets de Yam Pouir\u00e9 puissent \u00eatre \u00a0r\u00e9alis\u00e9s gr\u00e2ce \u00e0 votre don. Il existe plusieurs possibilit\u00e9s de soutien: don \u00e0 l\u2019association pour un projet de notre choix, selon les besoins les plus urgents; don pour un projet concret propos\u00e9 selon vos d\u00e9sirs; parrainage; collecte au profit de Yam Pouir\u00e9 lors &hellip; <\/p>\n<p class=\"link-more\"><a href=\"https:\/\/www.yampouire.org\/fr\/faites-un-don\/\" class=\"more-link\">Continuer la lecture<span class=\"screen-reader-text\"> de &laquo;&nbsp;Faites un don&nbsp;&raquo;<\/span><\/a><\/p>\n","protected":false},"author":1,"featured_media":0,"parent":0,"menu_order":0,"comment_status":"closed","ping_status":"closed","template":"","meta":{"footnotes":""},"class_list":["post-50","page","type-page","status-publish","hentry"],"_links":{"self":[{"href":"https:\/\/www.yampouire.org\/fr\/wp-json\/wp\/v2\/pages\/50"}],"collection":[{"href":"https:\/\/www.yampouire.org\/fr\/wp-json\/wp\/v2\/pages"}],"about":[{"href":"https:\/\/www.yampouire.org\/fr\/wp-json\/wp\/v2\/types\/page"}],"author":[{"embeddable":true,"href":"https:\/\/www.yampouire.org\/fr\/wp-json\/wp\/v2\/users\/1"}],"replies":[{"embeddable":true,"href":"https:\/\/www.yampouire.org\/fr\/wp-json\/wp\/v2\/comments?post=50"}],"version-history":[{"count":10,"href":"https:\/\/www.yampouire.org\/fr\/wp-json\/wp\/v2\/pages\/50\/revisions"}],"predecessor-version":[{"id":1127,"href":"https:\/\/www.yampouire.org\/fr\/wp-json\/wp\/v2\/pages\/50\/revisions\/1127"}],"wp:attachment":[{"href":"https:\/\/www.yampouire.org\/fr\/wp-json\/wp\/v2\/media?parent=50"}],"curies":[{"name":"wp","href":"https:\/\/api.w.org\/{rel}","templated":true}]}}