{"id":42,"date":"2013-10-06T11:06:16","date_gmt":"2013-10-06T11:06:16","guid":{"rendered":"http:\/\/www.yampouire.org\/?page_id=42"},"modified":"2023-11-18T15:55:15","modified_gmt":"2023-11-18T15:55:15","slug":"partenaires-locaux","status":"publish","type":"page","link":"https:\/\/www.yampouire.org\/fr\/partenaires-locaux\/","title":{"rendered":"Partenaires locaux"},"content":{"rendered":"<h1><span lang=\"FR\">AVENIR<\/span><span lang=\"FR\">\u00a0(Association des Volontaires pour l\u2019Enfance, l\u2019Int\u00e9gration et la Recherche)<\/span><\/h1>\n<p>L&rsquo;organisation a eu lieu en 2007 et a \u00e9t\u00e9 publi\u00e9e par l&rsquo;\u00c9tat du Burkinis le 17 mars 2008. Si vous d\u00e9cidez de vous int\u00e9grer dans le milieu social, vous pourrez subvenir \u00e0 vos besoins et \u00e0 ceux de vos parents \u00e0 l&rsquo;avenir. L&rsquo;un de ses points forts est le lien des jeunes avec leur terre d&rsquo;origine \u00e0 travers des projets sp\u00e9cifiques tels que la culture de l\u00e9gumes, l&rsquo;\u00e9levage et la reforestation. Un autre objectif est de soutenir les femmes \u00e0 travers la construction de moulins \u00e0 grains, de machines \u00e0 \u00e9plucher, de banques de c\u00e9r\u00e9ales et de fabrication de savon. Cependant, il n\u2019y a pas de plan pour tous, y compris les petits caract\u00e8res, la production honn\u00eate, l\u2019hygi\u00e8ne et la protection des enfants.<\/p>\n<p>Nous travaillons avec eux depuis environ 10 ans \u00e0 notre enti\u00e8re satisfaction. L&rsquo;un des membres fondateurs, Tinga Zooundi, est \u00e9galement responsable de nos parrainages.<\/p>\n<h1>Burkina Vert<\/h1>\n<p>Depuis 2002 d\u00e9j\u00e0 nous travaillons main dans la main avec les paysans de la r\u00e9gion du nord en collaboration \u00e9troite avec l\u2019Association Burkina Vert. Cette Association est une organisation paysanne, cr\u00e9\u00e9e en juin 1995. Reconnue officiellement d\u00e8s le 20 juin 2002 par le gouvernement burkinab\u00e8, elle a obtenu sa reconnaissance officielle d\u2019ONG le 14 mars 2005. Burkina Vert regroupe \u00e0 ce jour environ 210 \u00abfamilles\u00bb compos\u00e9es de 20 \u00e0 25 personnes de plus de 15 ans et repr\u00e9sente 53 groupements\u00a0 (1370 hommes et 1890 femmes) r\u00e9partis dans les\u00a0 provinces du Yatenga, du Loroum, du Passor\u00e9 et du Zandoma. Depuis juin 2010, nous sommes li\u00e9s par une convention de partenariat \u00e9labor\u00e9e en collaboration \u00e9troite avec les deux comit\u00e9s concern\u00e9s. Le secr\u00e9taire g\u00e9n\u00e9ral,\u00a0 M. Abdoulaye Bagaya dit Doudou, et le pr\u00e9sident, M. Moustapha Ouedraogo dit Major, en sont les principaux responsables sur place; ils sont chaque jour sur le terrain et nous font parvenir des rapports tr\u00e8s d\u00e9taill\u00e9s.<\/p>\n<p>Les principaux objectifs de Burkina Vert sont:<\/p>\n<ul>\n<li>responsabiliser chaque individu, chaque chef de famille, chaque\u00a0\u00a0 membre et leur famille, afin que chacun m\u00e8ne des activit\u00e9s communautaires fond\u00e9es sur le respect des autres;<\/li>\n<li>promouvoir l\u2019autosuffisance alimentaire individuelle et collective des populations par un programme tridimensionnel compl\u00e9mentaire de s\u00e9curit\u00e9 alimentaire comprenant:<\/li>\n<li>la conservation des eaux et des sols (CES), la construction de diguettes et l\u2019agroforesterie;<\/li>\n<li>la gestion \u00e0 long terme des ressources naturelles et alimentaires;<\/li>\n<li>l&rsquo;autonomie alimentaire gr\u00e2ce au renforcement des producteurs: am\u00e9lioration de la production, organisation de la vente, conservation;<\/li>\n<li>d\u00e9velopper les activit\u00e9s sociales, \u00e9ducatives et sanitaires des populations gr\u00e2ce \u00e0 un soutien constant, \u00e0 l\u2019alphab\u00e9tisation de tous et \u00e0 diverse sensibilisations.<\/li>\n<\/ul>\n<p>Les points forts de ce partenariat sont:<\/p>\n<ul>\n<li><strong>La promotion et la construction de diguettes<\/strong> &gt; contre l\u2019\u00e9rosion des sols et pour r\u00e9habiliter les terres d\u00e9grad\u00e9es.<\/li>\n<li><strong>La construction de banques de c\u00e9r\u00e9ales &gt;<\/strong> contre l\u2019inflation annuelle du prix des c\u00e9r\u00e9ales et afin de garantir une certaine s\u00e9curit\u00e9 alimentaire dans les villages<\/li>\n<li><strong>Des constructions cibl\u00e9es de divers moyens d\u2019acc\u00e8s \u00e0 l\u2019eau<\/strong>, selon l\u2019environnement et les moyens<\/li>\n<li><strong>La mise en place de p\u00e9rim\u00e8tres mara\u00eechers<\/strong> qui garantissent une nette am\u00e9lioration des repas quotidiens et un revenu non n\u00e9gligeable\u00a0pour les b\u00e9n\u00e9ficiaires.<\/li>\n<li><strong>La construction de moulins \u00e0 grains<\/strong> pour all\u00e9ger le travail des femmes afin qu\u2019elles aient plus de temps \u00e0 consacrer \u00e0 leur famille et qu\u2019elles puissent exercer un petit travail r\u00e9mun\u00e9rateur.<\/li>\n<li><strong>Le soutien permanent de l\u2019\u00e9cole des sourds de Ouahigouya<\/strong> gr\u00e2ce, entre autres, \u00e0 des parrainages<\/li>\n<li><strong>La construction d\u2019une \u00e9cole de trois classes<\/strong> dans le village de You\/Baongpor\u00e9 a \u00e9t\u00e9 l&rsquo;une des grandes r\u00e9alisations de l\u2019ann\u00e9e 2012; elle remplace le hangar en torchis et paille qui s\u2019\u00e9croulait \u00e0 chaque coup de vent, et que les parents avaient construit pour que leurs enfants puissent aller \u00e0 l\u2019\u00e9cole.<\/li>\n<\/ul>\n<h1>ASFUD Association Song Taaba<\/h1>\n<p>L\u2019ASFUD a \u00e9t\u00e9 cr\u00e9\u00e9e en 1999 par huit femmes du village de Songpels\u00e9. Situ\u00e9 derri\u00e8re Tanghin-Dassouri, le long de la route menant \u00e0 la mare des crocodiles sacr\u00e9s de Bazoul\u00e9, ce village se trouve \u00e0 environ 35 km de la capitale Ouagadougou. C\u2019est sur l\u2019initiative de notre amie Claire Rouamba, qui d\u00e9sirait construire un puits dans le village afin d\u2019\u00e9pargner aux femmes le long chemin qu\u2019elles devaient faire, que le premier groupement a vu le jour sous le nom de Song Taaba. D\u2019autres demandes d\u2019aides urgentes ayant \u00e9t\u00e9 entendues par diverses associations, le village s\u2019est dot\u00e9 petit \u00e0 petit d\u2019un atelier d\u2019artisanat au profit des femmes et d\u2019un \u00ab\u00a0jardin d\u2019enfants\u00a0\u00bb pr\u00e9scolaire, afin que tous obtiennent un jour la chance d\u2019aller \u00e0 l\u2019\u00e9cole. Il y eu aussi la mise en place d\u2019un p\u00e9rim\u00e8tre mara\u00eecher, la construction d\u2019un centre d\u2019accueil, d\u2019une banque de c\u00e9r\u00e9ales, puis des ruchers et une miellerie, sans oublier les fameux pousse-pousse d\u2019eau de Songpels\u00e9 qui font bien des jaloux. Maintenant il y a aussi une \u00e9cole de trois classes, un ch\u00e2teau d\u2019eau et les b\u00e2timents principaux b\u00e9n\u00e9ficient d\u2019\u00e9lectricit\u00e9 solaire. Les villages environnants sont venus demander s\u2019ils avaient une chance de participer \u00e0 cette \u00e9volution et c\u2019est ainsi que le 6 octobre 2006, l\u2019ASFUD (Association Song-Taaba des femmes unies et de d\u00e9veloppement) a vu le jour.\u00a0 Sous la pr\u00e9sidence de Claire Rouamba, l\u2019ASFUD compte maintenant environ 10 villages et plus de 500 membres, dont \u00e0 peu pr\u00e8s une centaine d\u2019hommes.<\/p>\n<p>Lors de l\u2019assembl\u00e9e constituante, les membres ont mis sur pied un dispositif d\u2019entraide, sp\u00e9cialement con\u00e7u pour:<br \/>\n&#8211; la promotion socio-\u00e9conomique des femmes<br \/>\n&#8211; la promotion de la scolarit\u00e9 pour les enfants et de l\u2019alphab\u00e9tisation pour les adultes<br \/>\n&#8211; la sensibilisation aux droits humains, sp\u00e9cialement ceux des femmes et des enfants<br \/>\n&#8211; la formation et la sensibilisation des populations aux probl\u00e8mes \u00e9cologiques.<\/p>\n<h2>Collaboration<\/h2>\n<p>L\u2019ASFUD et Yam Pouir\u00e9 travaillent ensemble depuis de longues ann\u00e9es d\u00e9j\u00e0. Apr\u00e8s avoir mis l\u2019accent sur le village de Songpels\u00e9 lui-m\u00eame avec\u00a0 la construction du centre d\u2019accueil, la mise en place d\u2019un p\u00e9rim\u00e8tre mara\u00eecher, l\u2019octroi de pousse-pousse d\u2019eau, des premi\u00e8res ruches et de l\u2019auvent du magasin de vente ainsi qu\u2019un soutien actif \u00e0 diverses activit\u00e9s r\u00e9mun\u00e9ratrices, nos\u00a0 priorit\u00e9s se portent maintenant sur le village de Taonsgho qui, gr\u00e2ce aux initiatives de ses habitants et sous l\u2019\u00e9gide de l\u2019ASFUD est en train d\u2019essayer de sortir du moyen \u00e2ge.<\/p>\n<p>Nous sommes r\u00e9guli\u00e8rement en contact avec la pr\u00e9sidente de l\u2019ASFUD, notre amie Claire Rouamba; c\u2019est elle qui proc\u00e8de aux contr\u00f4les d\u2019usage sur le terrain et qui nous envoie tous les rapports.<\/p>\n<h2>Partenaires locaux<\/h2>\n<p>Dans les villages de Sanc\u00e9 et de Balonghin, les petites associations locales se sont r\u00e9unies, et avec l\u2019aide des jeunes alphab\u00e9tis\u00e9s, les villageois ont pu lancer des demandes de projets int\u00e9ressants et concrets que nous avons soutenus directement. Satisfaisants au d\u00e9but, les r\u00e9sultats d\u00e9passent maintenant tous nos espoirs.<\/p>\n","protected":false},"excerpt":{"rendered":"<p>AVENIR\u00a0(Association des Volontaires pour l\u2019Enfance, l\u2019Int\u00e9gration et la Recherche) L&rsquo;organisation a eu lieu en 2007 et a \u00e9t\u00e9 publi\u00e9e par l&rsquo;\u00c9tat du Burkinis le 17 mars 2008. Si vous d\u00e9cidez de vous int\u00e9grer dans le milieu social, vous pourrez subvenir \u00e0 vos besoins et \u00e0 ceux de vos parents \u00e0 l&rsquo;avenir. L&rsquo;un de ses points &hellip; <\/p>\n<p class=\"link-more\"><a href=\"https:\/\/www.yampouire.org\/fr\/partenaires-locaux\/\" class=\"more-link\">Continuer la lecture<span class=\"screen-reader-text\"> de &laquo;&nbsp;Partenaires locaux&nbsp;&raquo;<\/span><\/a><\/p>\n","protected":false},"author":1,"featured_media":0,"parent":0,"menu_order":0,"comment_status":"closed","ping_status":"closed","template":"","meta":{"footnotes":""},"class_list":["post-42","page","type-page","status-publish","hentry"],"_links":{"self":[{"href":"https:\/\/www.yampouire.org\/fr\/wp-json\/wp\/v2\/pages\/42"}],"collection":[{"href":"https:\/\/www.yampouire.org\/fr\/wp-json\/wp\/v2\/pages"}],"about":[{"href":"https:\/\/www.yampouire.org\/fr\/wp-json\/wp\/v2\/types\/page"}],"author":[{"embeddable":true,"href":"https:\/\/www.yampouire.org\/fr\/wp-json\/wp\/v2\/users\/1"}],"replies":[{"embeddable":true,"href":"https:\/\/www.yampouire.org\/fr\/wp-json\/wp\/v2\/comments?post=42"}],"version-history":[{"count":11,"href":"https:\/\/www.yampouire.org\/fr\/wp-json\/wp\/v2\/pages\/42\/revisions"}],"predecessor-version":[{"id":1134,"href":"https:\/\/www.yampouire.org\/fr\/wp-json\/wp\/v2\/pages\/42\/revisions\/1134"}],"wp:attachment":[{"href":"https:\/\/www.yampouire.org\/fr\/wp-json\/wp\/v2\/media?parent=42"}],"curies":[{"name":"wp","href":"https:\/\/api.w.org\/{rel}","templated":true}]}}