{"id":38,"date":"2013-10-06T11:05:00","date_gmt":"2013-10-06T11:05:00","guid":{"rendered":"http:\/\/www.yampouire.org\/?page_id=38"},"modified":"2024-10-29T20:45:21","modified_gmt":"2024-10-29T20:45:21","slug":"portrait-de-yampouire","status":"publish","type":"page","link":"https:\/\/www.yampouire.org\/fr\/portrait-de-yampouire\/","title":{"rendered":"Portrait de YamPouir\u00e9"},"content":{"rendered":"<p style=\"text-align: left;\"><img loading=\"lazy\" decoding=\"async\" class=\" wp-image-176 alignnone\" src=\"http:\/\/www.yampouire.org\/wp-content\/uploads\/2013\/10\/logo.png\" alt=\"logo\" width=\"162\" height=\"162\" srcset=\"https:\/\/www.yampouire.org\/wp-content\/uploads\/2013\/10\/logo.png 202w, https:\/\/www.yampouire.org\/wp-content\/uploads\/2013\/10\/logo-150x150.png 150w\" sizes=\"(max-width: 162px) 100vw, 162px\" \/><\/p>\n<p style=\"text-align: left;\">Fond\u00e9e le 6 d\u00e9cembre 2003, notre association fait suite au travail effectu\u00e9 sur le terrain depuis plus de 10 ans d\u00e9j\u00e0 par notre pr\u00e9sidente et membre fondateur Monique Raemy. Les nombreux petits projets, tr\u00e8s int\u00e9ressants et porteurs d\u2019espoir, demand\u00e9s par les villageois\u00a0 et les petites associations locales nous interpellent, car ils ne sont g\u00e9n\u00e9ralement pas soutenus par les grandes organisations, leur co\u00fbt \u00e9tant trop peu \u00e9lev\u00e9 pour \u00eatre pris en consid\u00e9ration. Ces demandes tr\u00e8s locales et r\u00e9alistes sont appropri\u00e9es aux besoins r\u00e9els des demandeurs. Avec l\u2019appui de nos partenaires sur place, nous voulons donner une possibilit\u00e9 de d\u00e9veloppement durable aux villages les plus pauvres en soutenant leurs demandes et assurer ainsi leur autosuffisance. Les r\u00e9sultats obtenus jusqu\u2019ici nous prouvent le bien-fond\u00e9 de nos actions.<\/p>\n<h2>Comit\u00e9<\/h2>\n<p>Monique Raemy, Wangen ZH, pr\u00e9sidente<br \/>\nUrs Achermann, Br\u00fcttisellen, caissier<br \/>\nMarc Arnold, Wangen ZH, secr\u00e9taire + archiviste<br \/>\nSimon K\u00fcmin, Wangen ZH, secr\u00e9taire + archiviste<br \/>\nRegina Fusaro, Volketswil, <span lang=\"FR\">parrainages<\/span><br \/>\nRita Schmid, Br\u00fcttisellen<\/p>\n<h2>Statuts<\/h2>\n<p><a href=\"http:\/\/www.yampouire.org\/wp-content\/uploads\/statuten\/Statuten-Yam-Pouir\u00e9-Stand-6-11-09.pdf\" target=\"_blank\" rel=\"noopener\">Statuts<\/a><\/p>\n<h2>Exemption<\/h2>\n<p><a href=\"http:\/\/www.yampouire.org\/wp-content\/uploads\/statuten\/Steuerbefreiung_Yam_Pouir\u00e9.pdf\" target=\"_blank\" rel=\"noopener\">Contr\u00f4le de l&rsquo;Etat d&rsquo;exemption, la taxe municipale g\u00e9n\u00e9rale, l&rsquo;imp\u00f4t f\u00e9d\u00e9ral direct<\/a><\/p>\n","protected":false},"excerpt":{"rendered":"<p>Fond\u00e9e le 6 d\u00e9cembre 2003, notre association fait suite au travail effectu\u00e9 sur le terrain depuis plus de 10 ans d\u00e9j\u00e0 par notre pr\u00e9sidente et membre fondateur Monique Raemy. Les nombreux petits projets, tr\u00e8s int\u00e9ressants et porteurs d\u2019espoir, demand\u00e9s par les villageois\u00a0 et les petites associations locales nous interpellent, car ils ne sont g\u00e9n\u00e9ralement pas &hellip; <\/p>\n<p class=\"link-more\"><a href=\"https:\/\/www.yampouire.org\/fr\/portrait-de-yampouire\/\" class=\"more-link\">Continuer la lecture<span class=\"screen-reader-text\"> de &laquo;&nbsp;Portrait de YamPouir\u00e9&nbsp;&raquo;<\/span><\/a><\/p>\n","protected":false},"author":1,"featured_media":0,"parent":0,"menu_order":0,"comment_status":"closed","ping_status":"closed","template":"","meta":{"footnotes":""},"class_list":["post-38","page","type-page","status-publish","hentry"],"_links":{"self":[{"href":"https:\/\/www.yampouire.org\/fr\/wp-json\/wp\/v2\/pages\/38"}],"collection":[{"href":"https:\/\/www.yampouire.org\/fr\/wp-json\/wp\/v2\/pages"}],"about":[{"href":"https:\/\/www.yampouire.org\/fr\/wp-json\/wp\/v2\/types\/page"}],"author":[{"embeddable":true,"href":"https:\/\/www.yampouire.org\/fr\/wp-json\/wp\/v2\/users\/1"}],"replies":[{"embeddable":true,"href":"https:\/\/www.yampouire.org\/fr\/wp-json\/wp\/v2\/comments?post=38"}],"version-history":[{"count":28,"href":"https:\/\/www.yampouire.org\/fr\/wp-json\/wp\/v2\/pages\/38\/revisions"}],"predecessor-version":[{"id":1158,"href":"https:\/\/www.yampouire.org\/fr\/wp-json\/wp\/v2\/pages\/38\/revisions\/1158"}],"wp:attachment":[{"href":"https:\/\/www.yampouire.org\/fr\/wp-json\/wp\/v2\/media?parent=38"}],"curies":[{"name":"wp","href":"https:\/\/api.w.org\/{rel}","templated":true}]}}