{"id":32,"date":"2013-10-06T11:03:32","date_gmt":"2013-10-06T11:03:32","guid":{"rendered":"http:\/\/www.yampouire.org\/?page_id=32"},"modified":"2023-11-25T10:19:30","modified_gmt":"2023-11-25T10:19:30","slug":"parrainages","status":"publish","type":"page","link":"https:\/\/www.yampouire.org\/fr\/parrainages\/","title":{"rendered":"Offrez l&rsquo;\u00e9ducation : Votre parrainage pour des enfants au Burkina Faso"},"content":{"rendered":"<p>Accompagner un enfant ou un jeune dans le besoin au Burkina Faso dans son parcours \u00e9ducatif. Votre parrainage leur permet non seulement de fr\u00e9quenter l\u2019\u00e9cole, mais couvre \u00e9galement leurs besoins de base tels que les repas et les v\u00eatements.<\/p>\n<p><img loading=\"lazy\" decoding=\"async\" class=\"size-medium wp-image-145 aligncenter\" src=\"http:\/\/www.yampouire.org\/wp-content\/uploads\/2013\/10\/palu-ou-simple-grippe-300x200.jpg\" alt=\"SONY DSC\" width=\"300\" height=\"200\" srcset=\"https:\/\/www.yampouire.org\/wp-content\/uploads\/2013\/10\/palu-ou-simple-grippe-300x200.jpg 300w, https:\/\/www.yampouire.org\/wp-content\/uploads\/2013\/10\/palu-ou-simple-grippe-1024x685.jpg 1024w\" sizes=\"(max-width: 300px) 100vw, 300px\" \/><\/p>\n<p>Votre soutien va au-del\u00e0 de l&rsquo;aide financi\u00e8re : vous faites partie d&rsquo;une communaut\u00e9 qui soutient personnellement chaque enfant, qu&rsquo;il termine son apprentissage ou ses \u00e9tudes universitaires.<\/p>\n<p>Changer des vies, donner de l&rsquo;\u00e9ducation et de l&rsquo;espoir au Burkina Faso. Devenez sponsor d\u2019un avenir prometteur.<\/p>\n<p style=\"text-align: center;\">\n","protected":false},"excerpt":{"rendered":"<p>Accompagner un enfant ou un jeune dans le besoin au Burkina Faso dans son parcours \u00e9ducatif. Votre parrainage leur permet non seulement de fr\u00e9quenter l\u2019\u00e9cole, mais couvre \u00e9galement leurs besoins de base tels que les repas et les v\u00eatements. Votre soutien va au-del\u00e0 de l&rsquo;aide financi\u00e8re : vous faites partie d&rsquo;une communaut\u00e9 qui soutient personnellement &hellip; <\/p>\n<p class=\"link-more\"><a href=\"https:\/\/www.yampouire.org\/fr\/parrainages\/\" class=\"more-link\">Continuer la lecture<span class=\"screen-reader-text\"> de &laquo;&nbsp;Offrez l&rsquo;\u00e9ducation : Votre parrainage pour des enfants au Burkina Faso&nbsp;&raquo;<\/span><\/a><\/p>\n","protected":false},"author":1,"featured_media":0,"parent":0,"menu_order":0,"comment_status":"closed","ping_status":"closed","template":"","meta":{"footnotes":""},"class_list":["post-32","page","type-page","status-publish","hentry"],"_links":{"self":[{"href":"https:\/\/www.yampouire.org\/fr\/wp-json\/wp\/v2\/pages\/32"}],"collection":[{"href":"https:\/\/www.yampouire.org\/fr\/wp-json\/wp\/v2\/pages"}],"about":[{"href":"https:\/\/www.yampouire.org\/fr\/wp-json\/wp\/v2\/types\/page"}],"author":[{"embeddable":true,"href":"https:\/\/www.yampouire.org\/fr\/wp-json\/wp\/v2\/users\/1"}],"replies":[{"embeddable":true,"href":"https:\/\/www.yampouire.org\/fr\/wp-json\/wp\/v2\/comments?post=32"}],"version-history":[{"count":5,"href":"https:\/\/www.yampouire.org\/fr\/wp-json\/wp\/v2\/pages\/32\/revisions"}],"predecessor-version":[{"id":1146,"href":"https:\/\/www.yampouire.org\/fr\/wp-json\/wp\/v2\/pages\/32\/revisions\/1146"}],"wp:attachment":[{"href":"https:\/\/www.yampouire.org\/fr\/wp-json\/wp\/v2\/media?parent=32"}],"curies":[{"name":"wp","href":"https:\/\/api.w.org\/{rel}","templated":true}]}}