{"id":26,"date":"2013-10-06T10:58:16","date_gmt":"2013-10-06T10:58:16","guid":{"rendered":"http:\/\/www.yampouire.org\/?page_id=26"},"modified":"2021-05-03T19:13:45","modified_gmt":"2021-05-03T19:13:45","slug":"bienvenue-sur-notre-site","status":"publish","type":"page","link":"http:\/\/www.yampouire.org\/fr\/","title":{"rendered":"Yam Pouir\u00e9 signifie: \u00ab\u00a0partage d\u2019id\u00e9es, de connaissances et de savoir\u00a0\u00bb"},"content":{"rendered":"<div id=\"metaslider-id-403\" style=\"width: 100%; margin: 0 auto;\" class=\"ml-slider-3-92-1 metaslider metaslider-flex metaslider-403 ml-slider ms-theme-default nav-hidden\" role=\"region\" aria-roledescription=\"Slideshow\" aria-label=\"Main Slider\">\n    <div id=\"metaslider_container_403\">\n        <div id=\"metaslider_403\" class=\"flexslider\">\n            <ul class='slides'>\n                <li style=\"display: block; width: 100%;\" class=\"slide-523 ms-image \" aria-roledescription=\"slide\" aria-label=\"slide-523\"><img loading=\"lazy\" decoding=\"async\" src=\"http:\/\/www.yampouire.org\/wp-content\/uploads\/2015\/07\/une-tisseuse-au-travail-1080x800.jpg\" height=\"800\" width=\"1080\" alt=\"\" class=\"slider-403 slide-523\" \/><\/li>\n                <li style=\"display: none; width: 100%;\" class=\"slide-541 ms-image \" aria-roledescription=\"slide\" aria-label=\"slide-541\"><img loading=\"lazy\" decoding=\"async\" src=\"http:\/\/www.yampouire.org\/wp-content\/uploads\/2015\/07\/cest-termin\u00e9-on-peut-pomper-1080x800.jpg\" height=\"800\" width=\"1080\" alt=\"\" class=\"slider-403 slide-541\" \/><\/li>\n                <li style=\"display: none; width: 100%;\" class=\"slide-254 ms-image \" aria-roledescription=\"slide\" aria-label=\"slide-254\"><img loading=\"lazy\" decoding=\"async\" src=\"http:\/\/www.yampouire.org\/wp-content\/uploads\/2013\/10\/ici-aussi-les-bons-comptes-font-les-bons-amis-1080x800.jpg\" height=\"800\" width=\"1080\" alt=\"\" class=\"slider-403 slide-254\" \/><\/li>\n                <li style=\"display: none; width: 100%;\" class=\"slide-427 ms-image \" aria-roledescription=\"slide\" aria-label=\"slide-427\"><img loading=\"lazy\" decoding=\"async\" src=\"http:\/\/www.yampouire.org\/wp-content\/uploads\/2015\/07\/DSC02031-1080x800.jpg\" height=\"800\" width=\"1080\" alt=\"\" class=\"slider-403 slide-427\" \/><\/li>\n                <li style=\"display: none; width: 100%;\" class=\"slide-623 ms-image \" aria-roledescription=\"slide\" aria-label=\"slide-623\"><img loading=\"lazy\" decoding=\"async\" src=\"http:\/\/www.yampouire.org\/wp-content\/uploads\/2015\/07\/la-p\u00e9pini\u00e8re-permettra-de-faire-des-plantons-1080x800.jpg\" height=\"800\" width=\"1080\" alt=\"\" class=\"slider-403 slide-623\" \/><\/li>\n                <li style=\"display: none; width: 100%;\" class=\"slide-555 ms-image \" aria-roledescription=\"slide\" aria-label=\"slide-555\"><img loading=\"lazy\" decoding=\"async\" src=\"http:\/\/www.yampouire.org\/wp-content\/uploads\/2015\/07\/impossible-sans-la-machine-1080x800.jpg\" height=\"800\" width=\"1080\" alt=\"\" class=\"slider-403 slide-555\" \/><\/li>\n                <li style=\"display: none; width: 100%;\" class=\"slide-441 ms-image \" aria-roledescription=\"slide\" aria-label=\"slide-441\"><img loading=\"lazy\" decoding=\"async\" src=\"http:\/\/www.yampouire.org\/wp-content\/uploads\/2015\/07\/Burkina-Faso-road-map-1080x800.gif\" height=\"800\" width=\"1080\" alt=\"\" class=\"slider-403 slide-441\" \/><\/li>\n                <li style=\"display: none; width: 100%;\" class=\"slide-257 ms-image \" aria-roledescription=\"slide\" aria-label=\"slide-257\"><img loading=\"lazy\" decoding=\"async\" src=\"http:\/\/www.yampouire.org\/wp-content\/uploads\/2013\/10\/les-poquets-se-font-dans-les-demi-lunes-ou-derri\u00e8re-les-diguettes-1080x800.jpg\" height=\"800\" width=\"1080\" alt=\"\" class=\"slider-403 slide-257\" \/><\/li>\n                <li style=\"display: none; width: 100%;\" class=\"slide-431 ms-image \" aria-roledescription=\"slide\" aria-label=\"slide-431\"><img loading=\"lazy\" decoding=\"async\" src=\"http:\/\/www.yampouire.org\/wp-content\/uploads\/2015\/07\/africa-political-map-1020x755.jpg\" height=\"800\" width=\"1080\" alt=\"\" class=\"slider-403 slide-431\" \/><\/li>\n                <li style=\"display: none; width: 100%;\" class=\"slide-595 ms-image \" aria-roledescription=\"slide\" aria-label=\"slide-595\"><img loading=\"lazy\" decoding=\"async\" src=\"http:\/\/www.yampouire.org\/wp-content\/uploads\/2015\/07\/le-jardin-scolaire-1080x800.jpg\" height=\"800\" width=\"1080\" alt=\"\" class=\"slider-403 slide-595\" \/><\/li>\n                <li style=\"display: none; width: 100%;\" class=\"slide-871 ms-image \" aria-roledescription=\"slide\" aria-label=\"slide-871\"><img loading=\"lazy\" decoding=\"async\" src=\"http:\/\/www.yampouire.org\/wp-content\/uploads\/2015\/07\/les-indispensables-pousses-pousses-deau-444x329.jpg\" height=\"800\" width=\"1080\" alt=\"\" class=\"slider-403 slide-871\" \/><\/li>\n                <li style=\"display: none; width: 100%;\" class=\"slide-433 ms-image \" aria-roledescription=\"slide\" aria-label=\"slide-433\"><img loading=\"lazy\" decoding=\"async\" src=\"http:\/\/www.yampouire.org\/wp-content\/uploads\/2015\/07\/arbre-\u00e0-palabres-manguier-640x474.jpg\" height=\"800\" width=\"1080\" alt=\"\" class=\"slider-403 slide-433\" \/><\/li>\n                <li style=\"display: none; width: 100%;\" class=\"slide-663 ms-image \" aria-roledescription=\"slide\" aria-label=\"slide-663\"><img loading=\"lazy\" decoding=\"async\" src=\"http:\/\/www.yampouire.org\/wp-content\/uploads\/2015\/07\/les-hommes-coupent-les-femmes-transportent-429x317.jpg\" height=\"800\" width=\"1080\" alt=\"\" class=\"slider-403 slide-663\" \/><\/li>\n                <li style=\"display: none; width: 100%;\" class=\"slide-825 ms-image \" aria-roledescription=\"slide\" aria-label=\"slide-825\"><img loading=\"lazy\" decoding=\"async\" src=\"http:\/\/www.yampouire.org\/wp-content\/uploads\/2015\/07\/la-banque-de-c\u00e9r\u00e9ales-est-fonctionnelle-723x536.jpg\" height=\"800\" width=\"1080\" alt=\"\" class=\"slider-403 slide-825\" \/><\/li>\n                <li style=\"display: none; width: 100%;\" class=\"slide-477 ms-image \" aria-roledescription=\"slide\" aria-label=\"slide-477\"><img loading=\"lazy\" decoding=\"async\" src=\"http:\/\/www.yampouire.org\/wp-content\/uploads\/2015\/07\/un-regard-inoubliable-600x444.jpg\" height=\"800\" width=\"1080\" alt=\"\" class=\"slider-403 slide-477\" \/><\/li>\n                <li style=\"display: none; width: 100%;\" class=\"slide-655 ms-image \" aria-roledescription=\"slide\" aria-label=\"slide-655\"><img loading=\"lazy\" decoding=\"async\" src=\"http:\/\/www.yampouire.org\/wp-content\/uploads\/2015\/07\/Presse-pourobtenir-lhuile-de-karit\u00e9-576x427.jpg\" height=\"800\" width=\"1080\" alt=\"\" class=\"slider-403 slide-655\" \/><\/li>\n                <li style=\"display: none; width: 100%;\" class=\"slide-665 ms-image \" aria-roledescription=\"slide\" aria-label=\"slide-665\"><img loading=\"lazy\" decoding=\"async\" src=\"http:\/\/www.yampouire.org\/wp-content\/uploads\/2015\/07\/sorgho-et-mil-seront-mis-dans-la-charrette-434x322.jpg\" height=\"800\" width=\"1080\" alt=\"\" class=\"slider-403 slide-665\" \/><\/li>\n                <li style=\"display: none; width: 100%;\" class=\"slide-251 ms-image \" aria-roledescription=\"slide\" aria-label=\"slide-251\"><img loading=\"lazy\" decoding=\"async\" src=\"http:\/\/www.yampouire.org\/wp-content\/uploads\/2013\/10\/SAM_0201-800x592.jpg\" height=\"800\" width=\"1080\" alt=\"\" class=\"slider-403 slide-251\" \/><\/li>\n                <li style=\"display: none; width: 100%;\" class=\"slide-443 ms-image \" aria-roledescription=\"slide\" aria-label=\"slide-443\"><img loading=\"lazy\" decoding=\"async\" src=\"http:\/\/www.yampouire.org\/wp-content\/uploads\/2015\/07\/devinette...-1080x800.jpg\" height=\"800\" width=\"1080\" alt=\"\" class=\"slider-403 slide-443\" \/><\/li>\n                <li style=\"display: none; width: 100%;\" class=\"slide-469 ms-image \" aria-roledescription=\"slide\" aria-label=\"slide-469\"><img loading=\"lazy\" decoding=\"async\" src=\"http:\/\/www.yampouire.org\/wp-content\/uploads\/2015\/07\/s\u00e9r\u00e9nit\u00e9-1080x800.jpg\" height=\"800\" width=\"1080\" alt=\"\" class=\"slider-403 slide-469\" \/><\/li>\n                <li style=\"display: none; width: 100%;\" class=\"slide-749 ms-image \" aria-roledescription=\"slide\" aria-label=\"slide-749\"><img loading=\"lazy\" decoding=\"async\" src=\"http:\/\/www.yampouire.org\/wp-content\/uploads\/2015\/07\/IMG_1230-1080x800.jpg\" height=\"800\" width=\"1080\" alt=\"\" class=\"slider-403 slide-749\" \/><\/li>\n                <li style=\"display: none; width: 100%;\" class=\"slide-755 ms-image \" aria-roledescription=\"slide\" aria-label=\"slide-755\"><img loading=\"lazy\" decoding=\"async\" src=\"http:\/\/www.yampouire.org\/wp-content\/uploads\/2015\/07\/DSC00294-1080x800.jpg\" height=\"800\" width=\"1080\" alt=\"\" class=\"slider-403 slide-755\" \/><\/li>\n                <li style=\"display: none; width: 100%;\" class=\"slide-459 ms-image \" aria-roledescription=\"slide\" aria-label=\"slide-459\"><img loading=\"lazy\" decoding=\"async\" src=\"http:\/\/www.yampouire.org\/wp-content\/uploads\/2015\/07\/les-vieux-pneus-se-transforment-en-sandales-1080x800.jpg\" height=\"800\" width=\"1080\" alt=\"\" class=\"slider-403 slide-459\" \/><\/li>\n                <li style=\"display: none; width: 100%;\" class=\"slide-921 ms-image \" aria-roledescription=\"slide\" aria-label=\"slide-921\"><img loading=\"lazy\" decoding=\"async\" src=\"http:\/\/www.yampouire.org\/wp-content\/uploads\/2015\/07\/instituteurs-et-responsables-devant-la-vieille-\u00e9cole-1080x800.jpg\" height=\"800\" width=\"1080\" alt=\"\" class=\"slider-403 slide-921\" \/><\/li>\n                <li style=\"display: none; width: 100%;\" class=\"slide-573 ms-image \" aria-roledescription=\"slide\" aria-label=\"slide-573\"><img loading=\"lazy\" decoding=\"async\" src=\"http:\/\/www.yampouire.org\/wp-content\/uploads\/2015\/07\/calcul-des-apports...-1080x800.jpg\" height=\"800\" width=\"1080\" alt=\"\" class=\"slider-403 slide-573\" \/><\/li>\n                <li style=\"display: none; width: 100%;\" class=\"slide-449 ms-image \" aria-roledescription=\"slide\" aria-label=\"slide-449\"><img loading=\"lazy\" decoding=\"async\" src=\"http:\/\/www.yampouire.org\/wp-content\/uploads\/2015\/07\/espoir...-1080x800.jpg\" height=\"800\" width=\"1080\" alt=\"\" class=\"slider-403 slide-449\" \/><\/li>\n                <li style=\"display: none; width: 100%;\" class=\"slide-803 ms-image \" aria-roledescription=\"slide\" aria-label=\"slide-803\"><img loading=\"lazy\" decoding=\"async\" src=\"http:\/\/www.yampouire.org\/wp-content\/uploads\/2015\/07\/CSPS-en-construction-1080x800.jpg\" height=\"800\" width=\"1080\" alt=\"\" class=\"slider-403 slide-803\" \/><\/li>\n                <li style=\"display: none; width: 100%;\" class=\"slide-445 ms-image \" aria-roledescription=\"slide\" aria-label=\"slide-445\"><img loading=\"lazy\" decoding=\"async\" src=\"http:\/\/www.yampouire.org\/wp-content\/uploads\/2015\/07\/d\u00e9part-pour-les-villages-800x592.jpg\" height=\"800\" width=\"1080\" alt=\"\" class=\"slider-403 slide-445\" \/><\/li>\n                <li style=\"display: none; width: 100%;\" class=\"slide-549 ms-image \" aria-roledescription=\"slide\" aria-label=\"slide-549\"><img loading=\"lazy\" decoding=\"async\" src=\"http:\/\/www.yampouire.org\/wp-content\/uploads\/2015\/07\/encore-la-danse-1080x800.jpg\" height=\"800\" width=\"1080\" alt=\"\" class=\"slider-403 slide-549\" \/><\/li>\n                <li style=\"display: none; width: 100%;\" class=\"slide-819 ms-image \" aria-roledescription=\"slide\" aria-label=\"slide-819\"><img loading=\"lazy\" decoding=\"async\" src=\"http:\/\/www.yampouire.org\/wp-content\/uploads\/2015\/07\/inauguration-du-CSPS-e1620068561167-1080x800.jpg\" height=\"800\" width=\"1080\" alt=\"\" class=\"slider-403 slide-819\" \/><\/li>\n                <li style=\"display: none; width: 100%;\" class=\"slide-453 ms-image \" aria-roledescription=\"slide\" aria-label=\"slide-453\"><img loading=\"lazy\" decoding=\"async\" src=\"http:\/\/www.yampouire.org\/wp-content\/uploads\/2015\/07\/Harmattan1-665x493.jpg\" height=\"800\" width=\"1080\" alt=\"\" class=\"slider-403 slide-453\" \/><\/li>\n                <li style=\"display: none; width: 100%;\" class=\"slide-457 ms-image \" aria-roledescription=\"slide\" aria-label=\"slide-457\"><img loading=\"lazy\" decoding=\"async\" src=\"http:\/\/www.yampouire.org\/wp-content\/uploads\/2015\/07\/les-gar\u00e7on-aident-aussi...-1080x800.jpg\" height=\"800\" width=\"1080\" alt=\"\" class=\"slider-403 slide-457\" \/><\/li>\n                <li style=\"display: none; width: 100%;\" class=\"slide-909 ms-image \" aria-roledescription=\"slide\" aria-label=\"slide-909\"><img loading=\"lazy\" decoding=\"async\" src=\"http:\/\/www.yampouire.org\/wp-content\/uploads\/2015\/07\/DSC07246-1080x800.jpg\" height=\"800\" width=\"1080\" alt=\"\" class=\"slider-403 slide-909\" \/><\/li>\n                <li style=\"display: none; width: 100%;\" class=\"slide-679 ms-image \" aria-roledescription=\"slide\" aria-label=\"slide-679\"><img loading=\"lazy\" decoding=\"async\" src=\"http:\/\/www.yampouire.org\/wp-content\/uploads\/2015\/07\/le-m\u00eame-maintenant-r\u00e9par\u00e9-1080x800.jpg\" height=\"800\" width=\"1080\" alt=\"\" class=\"slider-403 slide-679\" \/><\/li>\n                <li style=\"display: none; width: 100%;\" class=\"slide-455 ms-image \" aria-roledescription=\"slide\" aria-label=\"slide-455\"><img loading=\"lazy\" decoding=\"async\" src=\"http:\/\/www.yampouire.org\/wp-content\/uploads\/2015\/07\/les-amies-du-march\u00e9-795x589.jpg\" height=\"800\" width=\"1080\" alt=\"\" class=\"slider-403 slide-455\" \/><\/li>\n                <li style=\"display: none; width: 100%;\" class=\"slide-439 ms-image \" aria-roledescription=\"slide\" aria-label=\"slide-439\"><img loading=\"lazy\" decoding=\"async\" src=\"http:\/\/www.yampouire.org\/wp-content\/uploads\/2015\/07\/Bernard-K.-Bongoungou-...-288x213.jpg\" height=\"800\" width=\"1080\" alt=\"\" class=\"slider-403 slide-439\" \/><\/li>\n                <li style=\"display: none; width: 100%;\" class=\"slide-772 ms-image \" aria-roledescription=\"slide\" aria-label=\"slide-772\"><img loading=\"lazy\" decoding=\"async\" src=\"http:\/\/www.yampouire.org\/wp-content\/uploads\/2015\/07\/d\u00e9j\u00e0-marqu\u00e9...-1080x800.jpg\" height=\"800\" width=\"1080\" alt=\"\" class=\"slider-403 slide-772\" \/><\/li>\n                <li style=\"display: none; width: 100%;\" class=\"slide-815 ms-image \" aria-roledescription=\"slide\" aria-label=\"slide-815\"><img loading=\"lazy\" decoding=\"async\" src=\"http:\/\/www.yampouire.org\/wp-content\/uploads\/2015\/07\/Ils-nous-attendaient...-417x309.jpg\" height=\"800\" width=\"1080\" alt=\"\" class=\"slider-403 slide-815\" \/><\/li>\n                <li style=\"display: none; width: 100%;\" class=\"slide-770 ms-image \" aria-roledescription=\"slide\" aria-label=\"slide-770\"><img loading=\"lazy\" decoding=\"async\" src=\"http:\/\/www.yampouire.org\/wp-content\/uploads\/2015\/07\/combien-de-temps-\u00e0-vivre...-1080x800.jpg\" height=\"800\" width=\"1080\" alt=\"\" class=\"slider-403 slide-770\" \/><\/li>\n                <li style=\"display: none; width: 100%;\" class=\"slide-779 ms-image \" aria-roledescription=\"slide\" aria-label=\"slide-779\"><img loading=\"lazy\" decoding=\"async\" src=\"http:\/\/www.yampouire.org\/wp-content\/uploads\/2015\/07\/maintenant-il-vend-du-caf\u00e9-aux-autres-orpailleurs...-1080x800.jpg\" height=\"800\" width=\"1080\" alt=\"\" class=\"slider-403 slide-779\" \/><\/li>\n                <li style=\"display: none; width: 100%;\" class=\"slide-775 ms-image \" aria-roledescription=\"slide\" aria-label=\"slide-775\"><img loading=\"lazy\" decoding=\"async\" src=\"http:\/\/www.yampouire.org\/wp-content\/uploads\/2015\/07\/habitations-et-vue-dun-quartier-1080x800.jpg\" height=\"800\" width=\"1080\" alt=\"\" class=\"slider-403 slide-775\" \/><\/li>\n                <li style=\"display: none; width: 100%;\" class=\"slide-739 ms-image \" aria-roledescription=\"slide\" aria-label=\"slide-739\"><img loading=\"lazy\" decoding=\"async\" src=\"http:\/\/www.yampouire.org\/wp-content\/uploads\/2015\/07\/IMG_0363-1080x800.jpg\" height=\"800\" width=\"1080\" alt=\"\" class=\"slider-403 slide-739\" \/><\/li>\n                <li style=\"display: none; width: 100%;\" class=\"slide-883 ms-image \" aria-roledescription=\"slide\" aria-label=\"slide-883\"><img loading=\"lazy\" decoding=\"async\" src=\"http:\/\/www.yampouire.org\/wp-content\/uploads\/2015\/07\/mais-indispensables-1080x800.jpg\" height=\"800\" width=\"1080\" alt=\"\" class=\"slider-403 slide-883\" \/><\/li>\n                <li style=\"display: none; width: 100%;\" class=\"slide-821 ms-image \" aria-roledescription=\"slide\" aria-label=\"slide-821\"><img loading=\"lazy\" decoding=\"async\" src=\"http:\/\/www.yampouire.org\/wp-content\/uploads\/2015\/07\/instruments-traditionnels-1080x800.jpg\" height=\"800\" width=\"1080\" alt=\"\" class=\"slider-403 slide-821\" \/><\/li>\n                <li style=\"display: none; width: 100%;\" class=\"slide-723 ms-image \" aria-roledescription=\"slide\" aria-label=\"slide-723\"><img loading=\"lazy\" decoding=\"async\" src=\"http:\/\/www.yampouire.org\/wp-content\/uploads\/2015\/07\/travail-\u00e0-tour-de-r\u00f4le...-1080x800.jpg\" height=\"800\" width=\"1080\" alt=\"\" class=\"slider-403 slide-723\" \/><\/li>\n                <li style=\"display: none; width: 100%;\" class=\"slide-421 ms-image \" aria-roledescription=\"slide\" aria-label=\"slide-421\"><img loading=\"lazy\" decoding=\"async\" src=\"http:\/\/www.yampouire.org\/wp-content\/uploads\/2015\/07\/DSC07188-1080x800.jpg\" height=\"800\" width=\"1080\" alt=\"\" class=\"slider-403 slide-421\" \/><\/li>\n                <li style=\"display: none; width: 100%;\" class=\"slide-511 ms-image \" aria-roledescription=\"slide\" aria-label=\"slide-511\"><img loading=\"lazy\" decoding=\"async\" src=\"http:\/\/www.yampouire.org\/wp-content\/uploads\/2015\/07\/Les-femmes-du-karit\u00e9-1080x800.jpg\" height=\"800\" width=\"1080\" alt=\"\" class=\"slider-403 slide-511\" \/><\/li>\n                <li style=\"display: none; width: 100%;\" class=\"slide-619 ms-image \" aria-roledescription=\"slide\" aria-label=\"slide-619\"><img loading=\"lazy\" decoding=\"async\" src=\"http:\/\/www.yampouire.org\/wp-content\/uploads\/2015\/07\/leau-arrive-du-lac-gr\u00e2ce-\u00e0-la-moto-pompe-1080x800.jpg\" height=\"800\" width=\"1080\" alt=\"\" class=\"slider-403 slide-619\" \/><\/li>\n                <li style=\"display: none; width: 100%;\" class=\"slide-697 ms-image \" aria-roledescription=\"slide\" aria-label=\"slide-697\"><img loading=\"lazy\" decoding=\"async\" src=\"http:\/\/www.yampouire.org\/wp-content\/uploads\/2015\/07\/avec-les-mains-et-des-barres-\u00e0-mines-1080x800.jpg\" height=\"800\" width=\"1080\" alt=\"\" class=\"slider-403 slide-697\" \/><\/li>\n                <li style=\"display: none; width: 100%;\" class=\"slide-271 ms-image \" aria-roledescription=\"slide\" aria-label=\"slide-271\"><img loading=\"lazy\" decoding=\"async\" src=\"http:\/\/www.yampouire.org\/wp-content\/uploads\/2013\/10\/title-310x230.jpg\" height=\"800\" width=\"1080\" alt=\"\" class=\"slider-403 slide-271\" \/><\/li>\n            <\/ul>\n        <\/div>\n        \n    <\/div>\n<\/div>\n\n\n\n<p><\/p>\n\n\n\n<p>Ce nom r\u00e9v\u00e8le exactement ce que nous d\u00e9sirons atteindre: un partage continuel et confiant avec les autochtones en vue d\u2019un d\u00e9veloppement durable, librement choisi selon les besoins effectifs du terrain.<\/p>\n\n\n\n<p>Politiquement et confessionnellement neutre, notre association s\u2019inspire de l\u2019\u00e9thique d\u2019Albert Schweitzer. Elle soutient de petites organisations locales d\u00e9j\u00e0 existantes et vient directement en aide \u00e0 tous les habitants des villages, enfants et adultes, du Burkina Faso.<\/p>\n\n\n\n<p>Un partenariat efficace avec les paysans de l\u2019Association Burkina Vert qui oeuvrent dans le nord du pays ainsi qu\u2019une solidarit\u00e9 constante avec trois villages ind\u00e9pendants et l\u2019Association f\u00e9minine Song Taaba dans le centre du pays constituent l\u2019essentiel de nos activit\u00e9s.<\/p>\n\n\n\n<p>L\u2019id\u00e9e de base consiste \u00e0 ne pas \u00e9parpiller nos forces, mais \u00e0 aider concr\u00e8tement quelques villages en soutenant des projets locaux globaux. Pour nous, il est essentiel que ce soient les habitants qui d\u00e9finissent leurs besoins et qu\u2019ils s\u2019impliquent dans la r\u00e9alisation des projets.<\/p>\n\n\n\n<p>L\u2019appui \u00e0 un d\u00e9veloppement durable permettant d\u2019acc\u00e9der \u00e0 l\u2019autosuffisance est le meilleur moyen de d\u00e9velopper les ressources existentielles d\u2019un village et de lutter contre l\u2019exode des jeunes vers les grandes villes.<\/p>\n\n\n\n<p>Essentiel aussi \u00e0 nos yeux: pour tous les projets mis en place, une formation adapt\u00e9e est donn\u00e9e aux populations concern\u00e9es et un comit\u00e9 local \u00e9lu est mis en place pour en assurer la p\u00e9rennit\u00e9<\/p>\n\n\n\n<p>La totalit\u00e9 des dons que nous recevons est affect\u00e9e \u00e0 nos projets de d\u00e9veloppement. Les voyages et tous les frais administratifs sont support\u00e9s par les membres du comit\u00e9, seuls les frais bancaires sont \u00e0 la charge de&nbsp; la caisse de l\u2019association.<\/p>\n\n\n\n<p>Nous sommes reconnus en tant qu\u2019association d\u2019utilit\u00e9 publique par le Canton de Zurich et sommes ainsi exon\u00e9r\u00e9s d\u2019imp\u00f4ts.<\/p>\n","protected":false},"excerpt":{"rendered":"<p>Ce nom r\u00e9v\u00e8le exactement ce que nous d\u00e9sirons atteindre: un partage continuel et confiant avec les autochtones en vue d\u2019un d\u00e9veloppement durable, librement choisi selon les besoins effectifs du terrain. Politiquement et confessionnellement neutre, notre association s\u2019inspire de l\u2019\u00e9thique d\u2019Albert Schweitzer. Elle soutient de petites organisations locales d\u00e9j\u00e0 existantes et vient directement en aide \u00e0 &hellip; <\/p>\n<p class=\"link-more\"><a href=\"http:\/\/www.yampouire.org\/fr\/\" class=\"more-link\">Continuer la lecture<span class=\"screen-reader-text\"> de &laquo;&nbsp;Yam Pouir\u00e9 signifie: \u00ab\u00a0partage d\u2019id\u00e9es, de connaissances et de savoir\u00a0\u00bb&nbsp;&raquo;<\/span><\/a><\/p>\n","protected":false},"author":1,"featured_media":0,"parent":0,"menu_order":0,"comment_status":"closed","ping_status":"closed","template":"","meta":{"footnotes":""},"class_list":["post-26","page","type-page","status-publish","hentry"],"_links":{"self":[{"href":"http:\/\/www.yampouire.org\/fr\/wp-json\/wp\/v2\/pages\/26"}],"collection":[{"href":"http:\/\/www.yampouire.org\/fr\/wp-json\/wp\/v2\/pages"}],"about":[{"href":"http:\/\/www.yampouire.org\/fr\/wp-json\/wp\/v2\/types\/page"}],"author":[{"embeddable":true,"href":"http:\/\/www.yampouire.org\/fr\/wp-json\/wp\/v2\/users\/1"}],"replies":[{"embeddable":true,"href":"http:\/\/www.yampouire.org\/fr\/wp-json\/wp\/v2\/comments?post=26"}],"version-history":[{"count":11,"href":"http:\/\/www.yampouire.org\/fr\/wp-json\/wp\/v2\/pages\/26\/revisions"}],"predecessor-version":[{"id":1083,"href":"http:\/\/www.yampouire.org\/fr\/wp-json\/wp\/v2\/pages\/26\/revisions\/1083"}],"wp:attachment":[{"href":"http:\/\/www.yampouire.org\/fr\/wp-json\/wp\/v2\/media?parent=26"}],"curies":[{"name":"wp","href":"https:\/\/api.w.org\/{rel}","templated":true}]}}